{"id":319,"date":"2022-06-22T14:55:57","date_gmt":"2022-06-22T14:55:57","guid":{"rendered":"https:\/\/mwdemos.ga\/fabio\/home-evaluation\/"},"modified":"2022-06-22T17:07:31","modified_gmt":"2022-06-22T17:07:31","slug":"evaluation-gratuite","status":"publish","type":"page","link":"https:\/\/fabiocristinaremax.com\/fr\/evaluation-gratuite\/","title":{"rendered":"\u00c9valuation Gratuite"},"content":{"rendered":"\n    <div class=\"homeEvalutation text-center\">\n        <h1 class=\"text-center text-white\">Quelle est la valeur de votre propri\u00e9t\u00e9 ?<\/h1>\n        <h5 class=\"text-center text-white\">RECEVEZ UNE R\u00c9PONSE RAPIDE; C'EST GRATUIT<\/h5>\n        <form id=\"homeEval\" class=\"regform\" method=\"POST\">\n            <input type=\"hidden\" name=\"action\" value=\"mw_home_evaluation\">\n            <input type=\"hidden\" name=\"url\" value=\"http:\/\/fabiocristinaremax.com\/fr\/wp-json\/wp\/v2\/pages\/319\">\n            <input type=\"hidden\" name=\"type\" value=\"2\">\n            <input type=\"hidden\" name=\"tags\" value=\"home evaluation\">\n            <input type=\"hidden\" name=\"funnel_id\" value=\"1046\">\n            <input type=\"hidden\" name=\"source\" value=\"website\">\n            <input type=\"hidden\" name=\"address\" value=\"\">\n            <!-- Fieldsets -->\n            <fieldset id=\"first\">\n                <h2 class=\"title text-white\">Entrer votre adresse ici<\/h2>\n                <div class=\"row align-items-center\">\n                    <div class=\"col-lg-10 col-sm-10 col-xs-12\">\n                        <input type=\"text\" class=\"text_field\" name=\"location\" id=\"location\"\n                               placeholder=\"Adresse\" autocomplete=\"off\">\n                    <\/div>\n\n                    <div class=\"col-lg-2 col-sm-2 col-xs-12\">\n                        <input type=\"text\" class=\"text_field\" name=\"apartment\" id=\"apartment\" placeholder=\"Apt#\">\n                    <\/div>\n                <\/div>\n                <div class=\"row\">\n                    <div class=\"col-lg-12 col-sm-12\">\n                        <input class=\"next_btn\" name=\"next\" id=\"step2\" type=\"button\"\n                               value=\"Suivant\">\n                    <\/div>\n                <\/div>\n            <\/fieldset>\n            <fieldset id=\"second\">\n                <h2 class=\"title text-white\">\n                    Votre maison a \u00e9t\u00e9 trouv\u00e9e! O\u00f9 aimeriez-vous recevoir votre rapport d'\u00e9valuation de la maison?                <\/h2>\n                <div class=\"row align-items-center\">\n                    <div class=\"col-lg-6 col-sm-12\">\n                        <div class=\"map\" id=\"map\"><\/div>\n                    <\/div>\n\n                    <div class=\"col-lg-6 col-sm-12\">\n                        <div class=\"info\">\n                            <input class=\"text_field\" name=\"name\" placeholder=\"Votre Nom\"\n                                   type=\"text\">\n                            <input class=\"text_field\" name=\"email\" placeholder=\"Votre Courriel\"\n                                   type=\"text\">\n                            <input class=\"text_field\" name=\"phone\" placeholder=\"Votre T\u00e9l\u00e9phone\"\n                                   type=\"text\">\n                            <select class=\"options\" name=\"selling\">\n                                <option value=\"--Selling In--\">--Date de la vente--<\/option>\n                                <option value=\"1-3 Months\">1 \u00e0 3 mois<\/option>\n                                <option value=\"3-6 Months\">3 \u00e0 6 Mois<\/option>\n                                <option value=\"6-12 Months\">6 \u00e0 12 mois<\/option>\n                                <option value=\"Just Curious\">Juste curieux<\/option>\n                                <option value=\"Refinancing\">Refinancement<\/option>\n                            <\/select>\n                        <\/div>\n\n                        <input class=\"pre_btn\" name=\"previous\" type=\"button\"\n                               value=\"Pr\u00e9c\u00e9dent\">\n                        <input class=\"next_btn\" name=\"next\" id=\"submitEmail\" type=\"button\"\n                               value=\"Suivant\">\n\n                    <\/div>\n                <\/div>\n\n            <\/fieldset>\n            <fieldset id=\"third\">\n                <h2 class=\"title text-white\">Obtenez une opinion de la valeur de votre maison par un expert d'immobilier!<\/h2>\n\n                <div class=\"row align-items-center mt-4\">\n                    <div class=\"col-lg-2 col-md-2 col-sm-4 col-xs-12\">\n                        <img decoding=\"async\" class=\"eval-broker\" src=\"https:\/\/fabiocristinaremax.com\/wp-content\/uploads\/2024\/02\/fabio-cristina.jpg\" alt=\"Fabio & Cristina\">\n                    <\/div>\n\n                    <div class=\"col-lg-10 col-md-10 col-sm-8 col-xs-12 text-left\">\n                        <div class=\"content\">\n                            <p class=\"text-left text-white\">Fabio & Cristina<\/p>\n                            <p>Real Estate Team<\/p>\n                            <p><a href=\"tel:514-354-6240\">514-354-6240<\/a><\/p>\n                            <p><a href=\"mailto:fabiochimienti.remax@gmail.com\">fabiochimienti.remax@gmail.com<\/a><\/p>\n\n                            <p>La valeur de votre maison est beaucoup plus qu'un simple rapport<\/p>\n                            <p>Planifiez une consultation gratuite d'une heure avec moi pour conna\u00eetre vos options et vos possibilit\u00e9s.<\/p>\n                        <\/div>\n                    <\/div>\n                <\/div>\n            <\/fieldset>\n            <!-- Progress Bar -->\n\n            <div class=\"row justify-content-center mt-4\">\n                <div class=\"col-lg-4 col-md-4 col-sm-6 col-xs-12\">\n                    <div class=\"single-s s1 active\">\n                        \u00c9tape 1 <br>\n                        Adresse de la propri\u00e9t\u00e9                    <\/div>\n                <\/div>\n\n                <div class=\"col-lg-4 col-md-4 col-sm-6 col-xs-12\">\n                    <div class=\"single-s s2\">\n                        \u00c9tape 2 <br>\n                        D\u00e9tails de la propri\u00e9t\u00e9                    <\/div>\n                <\/div>\n\n                <div class=\"col-lg-4 col-md-4 col-sm-6 col-xs-12\">\n                    <div class=\"single-s s3\">\n                        \u00c9tape 3 <br>\n                        \u00c9valuation gratuite                    <\/div>\n                <\/div>\n            <\/div>\n        <\/form>\n    <\/div>\n    <script>\n        (function ($) {\n            $(document).ready(function () {\n                $(\"#step2\").click(function () {\n                    if ($('input[name=\"location\"]').val() == \"\") {\n                        alert(\"Location field is necessary!\");\n                        return false;\n                    } else {\n                        let apt = \"\";\n\n                        if($('input[name=\"apartment\"]').val() != \"\")\n                            apt = \"#\" + $('input[name=\"apartment\"]').val() + \" \";\n                            \n                        $('input[name=\"address\"]').val( apt + $('input[name=\"location\"]').val());\n                        $('#second').fadeIn('slow');\n                        $('#first').css({'display': 'none'});\n                        $('.s2').addClass('active');\n\n                        let center = map.getCenter();\n                        google.maps.event.trigger(map, 'resize');\n                        map.setCenter(center);\n\n                        return true;\n                    }\n                });\n\n                $(\".pre_btn\").click(function () {\n                    $('#first').fadeIn('slow');\n                    $('#second').css({'display': 'none'});\n\n                    $('.s2').removeClass('active');\n                });\n\n                $(\"#submitEmail\").click(function () {\n                    let re = \/^(([^<>()[\\]\\\\.,;:\\s@\"]+(\\.[^<>()[\\]\\\\.,;:\\s@\"]+)*)|(\".+\"))@((\\[[0-9]{1,3}\\.[0-9]{1,3}\\.[0-9]{1,3}\\.[0-9]{1,3}])|(([a-zA-Z\\-0-9]+\\.)+[a-zA-Z]{2,}))$\/;\n                    if ($('input[name=\"name\"]').val() == \"\") {\n                        alert(\"Name field is invalid!\");\n                        return false;\n                    } else if (!re.test($('input[name=\"email\"]').val())) {\n                        alert(\"Email field is invalid!\");\n                        return false;\n                    } else if ($('input[name=\"phone\"]').val() == \"\") {\n                        alert(\"Phone field is invalid!\");\n                        return false;\n                    } else {\n                        let el = $(this);\n                        $.ajax({\n                            type: \"POST\",\n                            url: realEstateJs.ajaxUrl,\n                            data: $(\"#homeEval\").serialize(),\n                            success: function (data) {\n                                \n                                if (data.success) {\n                                    $(el).parent().next().fadeIn('slow');\n                                    $(el).parent().css({'display': 'none'});\n                                    $('.active').next().addClass('active');\n                                    gtag('event', 'conversion', {'send_to': 'AW-16512014690\/TvjgCNjslqAZEOKyxcE9'});\n\n                                    $.post( \"https:\/\/app.utilmo.com\/webhook\/qQswVq3oOGnS3Xm.DwH1jw\", $(\"#homeEval\").serialize() );\n\n                                }\n                            },\n                            error: function (e) {\n                                console.log(e.responseText);\n                            }\n                        });\n\n                        $('.s3').addClass('active');\n                        $('#third').fadeIn('slow');\n                        $('#second').css({'display': 'none'});\n                    }\n                });\n            });\n\n            \/\/Autocomplete variables\n            let input = document.getElementById('location'),\n                step2 = document.getElementById('step2'),\n                place;\n\n            let observerHack = new MutationObserver(function () {\n                observerHack.disconnect();\n                $(\"#location\").attr(\"autocomplete\", \"new-password\").attr(\"disabled\", false);\n            });\n\n            observerHack.observe(input, {\n                attributes: true,\n                attributeFilter: ['autocomplete']\n            });\n\n            let autocomplete = new google.maps.places.Autocomplete(input);\n\n            \/\/Google Map variables\n            let map, marker;\n\n            \/\/Add listener to detect autocomplete selection\n            google.maps.event.addListener(autocomplete, 'place_changed', function () {\n                place = autocomplete.getPlace();\n            });\n\n            \/\/Add listener to search\n            step2.addEventListener(\"click\", function () {\n                let newlatlong = new google.maps.LatLng(place.geometry.location.lat(), place.geometry.location.lng());\n                map.setCenter(newlatlong);\n                marker.setPosition(newlatlong);\n                map.setZoom(18);\n                map.setMapTypeId(google.maps.MapTypeId.SATELLITE);\n            });\n\n            \/\/Reset the inpout box on click\n            input.addEventListener('click', function () {\n                \/\/input.value = \"\";\n            });\n\n            function initialize() {\n                let myLatlng = new google.maps.LatLng(45.5549753, -73.9491394);\n                let mapOptions = {\n                    zoom: 1,\n                    center: myLatlng\n                };\n\n                map = new google.maps.Map(document.getElementById('map'), mapOptions);\n\n                marker = new google.maps.Marker({\n                    position: myLatlng,\n                    map: map,\n                    title: 'Main map'\n                });\n            }\n\n            google.maps.event.addDomListener(window, 'load', initialize);\n        }(jQuery));\n    <\/script>\n    \n","protected":false},"excerpt":{"rendered":"","protected":false},"author":4,"featured_media":0,"parent":0,"menu_order":0,"comment_status":"closed","ping_status":"closed","template":"template-evaluation.php","meta":{"_acf_changed":false,"footnotes":""},"class_list":["post-319","page","type-page","status-publish","hentry"],"acf":[],"yoast_head":"<!-- This site is optimized with the Yoast SEO plugin v27.2 - https:\/\/yoast.com\/product\/yoast-seo-wordpress\/ -->\n<title>\u00c9valuation Gratuite | Fabio &amp; Cristina | Real Estate Broker | Remax Excellence<\/title>\n<meta name=\"robots\" content=\"index, follow, max-snippet:-1, max-image-preview:large, max-video-preview:-1\" \/>\n<link rel=\"canonical\" href=\"https:\/\/fabiocristinaremax.com\/home-evaluation\/\" \/>\n<meta property=\"og:locale\" content=\"fr_FR\" \/>\n<meta property=\"og:type\" content=\"article\" \/>\n<meta property=\"og:title\" content=\"\u00c9valuation Gratuite | Fabio &amp; Cristina | Real Estate Broker | Remax Excellence\" \/>\n<meta property=\"og:url\" content=\"https:\/\/fabiocristinaremax.com\/home-evaluation\/\" \/>\n<meta property=\"og:site_name\" content=\"Fabio &amp; Cristina\" \/>\n<meta property=\"article:modified_time\" content=\"2022-06-22T17:07:31+00:00\" \/>\n<meta property=\"og:image\" content=\"https:\/\/fabiocristinaremax.com\/wp-content\/uploads\/2024\/02\/og.jpg\" \/>\n\t<meta property=\"og:image:width\" content=\"1897\" \/>\n\t<meta property=\"og:image:height\" content=\"943\" \/>\n\t<meta property=\"og:image:type\" content=\"image\/jpeg\" \/>\n<meta name=\"twitter:card\" content=\"summary_large_image\" \/>\n<script type=\"application\/ld+json\" class=\"yoast-schema-graph\">{\"@context\":\"https:\/\/schema.org\",\"@graph\":[{\"@type\":\"WebPage\",\"@id\":\"https:\/\/fabiocristinaremax.com\/home-evaluation\/\",\"url\":\"https:\/\/fabiocristinaremax.com\/home-evaluation\/\",\"name\":\"\u00c9valuation Gratuite | Fabio &amp; Cristina | Real Estate Broker | Remax Excellence\",\"isPartOf\":{\"@id\":\"https:\/\/fabiocristinaremax.com\/#website\"},\"datePublished\":\"2022-06-22T14:55:57+00:00\",\"dateModified\":\"2022-06-22T17:07:31+00:00\",\"inLanguage\":\"fr-FR\",\"potentialAction\":[{\"@type\":\"ReadAction\",\"target\":[\"https:\/\/fabiocristinaremax.com\/home-evaluation\/\"]}]},{\"@type\":\"WebSite\",\"@id\":\"https:\/\/fabiocristinaremax.com\/#website\",\"url\":\"https:\/\/fabiocristinaremax.com\/\",\"name\":\"Fabio &amp; Cristina\",\"description\":\"Real Estate Brokers | Remax Excellence\",\"potentialAction\":[{\"@type\":\"SearchAction\",\"target\":{\"@type\":\"EntryPoint\",\"urlTemplate\":\"https:\/\/fabiocristinaremax.com\/?s={search_term_string}\"},\"query-input\":{\"@type\":\"PropertyValueSpecification\",\"valueRequired\":true,\"valueName\":\"search_term_string\"}}],\"inLanguage\":\"fr-FR\"}]}<\/script>\n<!-- \/ Yoast SEO plugin. -->","yoast_head_json":{"title":"\u00c9valuation Gratuite | Fabio &amp; Cristina | Real Estate Broker | Remax Excellence","robots":{"index":"index","follow":"follow","max-snippet":"max-snippet:-1","max-image-preview":"max-image-preview:large","max-video-preview":"max-video-preview:-1"},"canonical":"https:\/\/fabiocristinaremax.com\/home-evaluation\/","og_locale":"fr_FR","og_type":"article","og_title":"\u00c9valuation Gratuite | Fabio &amp; Cristina | Real Estate Broker | Remax Excellence","og_url":"https:\/\/fabiocristinaremax.com\/home-evaluation\/","og_site_name":"Fabio &amp; Cristina","article_modified_time":"2022-06-22T17:07:31+00:00","og_image":[{"width":1897,"height":943,"url":"https:\/\/fabiocristinaremax.com\/wp-content\/uploads\/2024\/02\/og.jpg","type":"image\/jpeg"}],"twitter_card":"summary_large_image","schema":{"@context":"https:\/\/schema.org","@graph":[{"@type":"WebPage","@id":"https:\/\/fabiocristinaremax.com\/home-evaluation\/","url":"https:\/\/fabiocristinaremax.com\/home-evaluation\/","name":"\u00c9valuation Gratuite | Fabio &amp; Cristina | Real Estate Broker | Remax Excellence","isPartOf":{"@id":"https:\/\/fabiocristinaremax.com\/#website"},"datePublished":"2022-06-22T14:55:57+00:00","dateModified":"2022-06-22T17:07:31+00:00","inLanguage":"fr-FR","potentialAction":[{"@type":"ReadAction","target":["https:\/\/fabiocristinaremax.com\/home-evaluation\/"]}]},{"@type":"WebSite","@id":"https:\/\/fabiocristinaremax.com\/#website","url":"https:\/\/fabiocristinaremax.com\/","name":"Fabio &amp; Cristina","description":"Real Estate Brokers | Remax Excellence","potentialAction":[{"@type":"SearchAction","target":{"@type":"EntryPoint","urlTemplate":"https:\/\/fabiocristinaremax.com\/?s={search_term_string}"},"query-input":{"@type":"PropertyValueSpecification","valueRequired":true,"valueName":"search_term_string"}}],"inLanguage":"fr-FR"}]}},"_links":{"self":[{"href":"https:\/\/fabiocristinaremax.com\/fr\/wp-json\/wp\/v2\/pages\/319","targetHints":{"allow":["GET"]}}],"collection":[{"href":"https:\/\/fabiocristinaremax.com\/fr\/wp-json\/wp\/v2\/pages"}],"about":[{"href":"https:\/\/fabiocristinaremax.com\/fr\/wp-json\/wp\/v2\/types\/page"}],"author":[{"embeddable":true,"href":"https:\/\/fabiocristinaremax.com\/fr\/wp-json\/wp\/v2\/users\/4"}],"replies":[{"embeddable":true,"href":"https:\/\/fabiocristinaremax.com\/fr\/wp-json\/wp\/v2\/comments?post=319"}],"version-history":[{"count":1,"href":"https:\/\/fabiocristinaremax.com\/fr\/wp-json\/wp\/v2\/pages\/319\/revisions"}],"predecessor-version":[{"id":320,"href":"https:\/\/fabiocristinaremax.com\/fr\/wp-json\/wp\/v2\/pages\/319\/revisions\/320"}],"wp:attachment":[{"href":"https:\/\/fabiocristinaremax.com\/fr\/wp-json\/wp\/v2\/media?parent=319"}],"curies":[{"name":"wp","href":"https:\/\/api.w.org\/{rel}","templated":true}]}}